{"id":1916,"date":"2020-07-14T20:48:58","date_gmt":"2020-07-14T18:48:58","guid":{"rendered":"https:\/\/www.champagne-didier-charpentier.fr\/?post_type=product&#038;p=1916"},"modified":"2024-06-26T23:26:28","modified_gmt":"2024-06-26T21:26:28","slug":"champagne-blanc-de-blancs","status":"publish","type":"product","link":"https:\/\/www.champagne-didier-charpentier.fr\/?product=champagne-blanc-de-blancs","title":{"rendered":"Champagne Blanc de Blancs"},"content":{"rendered":"<div class=\"fusion-fullwidth fullwidth-box fusion-builder-row-1 nonhundred-percent-fullwidth non-hundred-percent-height-scrolling\" style=\"--awb-border-radius-top-left:0px;--awb-border-radius-top-right:0px;--awb-border-radius-bottom-right:0px;--awb-border-radius-bottom-left:0px;--awb-padding-top:10px;--awb-padding-bottom:10px;--awb-flex-wrap:wrap;\" ><\/div>\n<p>Incontournable, fra\u00eecheur et \u00e9l\u00e9gance supr\u00eame du Chardonnay o\u00f9 s&rsquo;\u00e9panouissent des ar\u00f4mes de fruits blancs et notes de fleurs. \u00c0 d\u00e9couvrir d&rsquo;urgence.<\/p>\n","protected":false},"excerpt":{"rendered":"<p>Incontournable, fra\u00eecheur et \u00e9l\u00e9gance supr\u00eame du Chardonnay o\u00f9 s&rsquo;\u00e9panouissent des ar\u00f4mes de fruits blancs et notes de fleurs. \u00c0 d\u00e9couvrir d&rsquo;urgence.<\/p>\n[fusion_checklist icon=\"fa-asterisk fas\" iconcolor=\"\" circle=\"\" circlecolor=\"\" size=\"14px\" divider=\"\" divider_color=\"\" hide_on_mobile=\"small-visibility,medium-visibility,large-visibility\" class=\"\" id=\"\"][fusion_li_item icon=\"\"] <strong><span style=\"color: #e9a825;\">Aspect visuel :<\/span>\u00a0 <\/strong>Jaune citron avec des reflets brillants \u00a0 [\/fusion_li_item][fusion_li_item icon=\"\"] <span style=\"color: #e9a825;\"><strong>Aspect olfactif\u00a0 :<\/strong><\/span> Le nez est floral, on trouve aussi des fruits jaunes, de la p\u00eache de vigne et des agrumes [\/fusion_li_item][fusion_li_item icon=\"\"]<strong><span style=\"color: #e9a825;\"> Aspect gustatif\u00a0 :<\/span>\u00a0<\/strong> L&rsquo;attaque est vive et \u00e9quilibr\u00e9e, belle onctuosit\u00e9 et de la mati\u00e8re en bouche [\/fusion_li_item][fusion_li_item icon=\"\"] <strong><span style=\"color: #e9a825;\">Accords Mets et Vins :<\/span> \u00a0<\/strong> Ap\u00e9ritif, poisson et viande blanche. [\/fusion_li_item][\/fusion_checklist]\n","protected":false},"featured_media":2319,"comment_status":"open","ping_status":"closed","template":"","meta":[],"product_brand":[],"product_cat":[33],"product_tag":[],"class_list":{"0":"post-1916","1":"product","2":"type-product","3":"status-publish","4":"has-post-thumbnail","6":"product_cat-vins","8":"first","9":"instock","10":"featured","11":"shipping-taxable","12":"purchasable","13":"product-type-variable","14":"has-default-attributes"},"yoast_head":"<!-- This site is optimized with the Yoast SEO plugin v27.4 - https:\/\/yoast.com\/product\/yoast-seo-wordpress\/ -->\n<title>Champagne Blanc de Blancs - Champagne Didier Charpentier<\/title>\n<meta name=\"robots\" content=\"index, follow, max-snippet:-1, max-image-preview:large, max-video-preview:-1\" \/>\n<link rel=\"canonical\" href=\"https:\/\/www.champagne-didier-charpentier.fr\/?product=champagne-blanc-de-blancs\" \/>\n<meta property=\"og:locale\" content=\"fr_FR\" \/>\n<meta property=\"og:type\" content=\"article\" \/>\n<meta property=\"og:title\" content=\"Champagne Blanc de Blancs - Champagne Didier Charpentier\" \/>\n<meta property=\"og:description\" content=\"Incontournable, fra\u00eecheur et \u00e9l\u00e9gance supr\u00eame du Chardonnay o\u00f9 s&#039;\u00e9panouissent des ar\u00f4mes de fruits blancs et notes de fleurs. \u00c0 d\u00e9couvrir d&#039;urgence.\" \/>\n<meta property=\"og:url\" content=\"https:\/\/www.champagne-didier-charpentier.fr\/?product=champagne-blanc-de-blancs\" \/>\n<meta property=\"og:site_name\" content=\"Champagne Didier Charpentier\" \/>\n<meta property=\"article:modified_time\" content=\"2024-06-26T21:26:28+00:00\" \/>\n<meta property=\"og:image\" content=\"https:\/\/www.champagne-didier-charpentier.fr\/wp-content\/uploads\/2020\/07\/0002-scaled.jpg\" \/>\n\t<meta property=\"og:image:width\" content=\"855\" \/>\n\t<meta property=\"og:image:height\" content=\"2560\" \/>\n\t<meta property=\"og:image:type\" content=\"image\/jpeg\" \/>\n<meta name=\"twitter:card\" content=\"summary_large_image\" \/>\n<meta name=\"twitter:label1\" content=\"Dur\u00e9e de lecture estim\u00e9e\" \/>\n\t<meta name=\"twitter:data1\" content=\"1 minute\" \/>\n<script type=\"application\/ld+json\" class=\"yoast-schema-graph\">{\"@context\":\"https:\\\/\\\/schema.org\",\"@graph\":[{\"@type\":\"WebPage\",\"@id\":\"https:\\\/\\\/www.champagne-didier-charpentier.fr\\\/?product=champagne-blanc-de-blancs\",\"url\":\"https:\\\/\\\/www.champagne-didier-charpentier.fr\\\/?product=champagne-blanc-de-blancs\",\"name\":\"Champagne Blanc de Blancs - Champagne Didier Charpentier\",\"isPartOf\":{\"@id\":\"https:\\\/\\\/www.champagne-didier-charpentier.fr\\\/#website\"},\"primaryImageOfPage\":{\"@id\":\"https:\\\/\\\/www.champagne-didier-charpentier.fr\\\/?product=champagne-blanc-de-blancs#primaryimage\"},\"image\":{\"@id\":\"https:\\\/\\\/www.champagne-didier-charpentier.fr\\\/?product=champagne-blanc-de-blancs#primaryimage\"},\"thumbnailUrl\":\"https:\\\/\\\/www.champagne-didier-charpentier.fr\\\/wp-content\\\/uploads\\\/2020\\\/07\\\/0002-scaled.jpg\",\"datePublished\":\"2020-07-14T18:48:58+00:00\",\"dateModified\":\"2024-06-26T21:26:28+00:00\",\"breadcrumb\":{\"@id\":\"https:\\\/\\\/www.champagne-didier-charpentier.fr\\\/?product=champagne-blanc-de-blancs#breadcrumb\"},\"inLanguage\":\"fr-FR\",\"potentialAction\":[{\"@type\":\"ReadAction\",\"target\":[\"https:\\\/\\\/www.champagne-didier-charpentier.fr\\\/?product=champagne-blanc-de-blancs\"]}]},{\"@type\":\"ImageObject\",\"inLanguage\":\"fr-FR\",\"@id\":\"https:\\\/\\\/www.champagne-didier-charpentier.fr\\\/?product=champagne-blanc-de-blancs#primaryimage\",\"url\":\"https:\\\/\\\/www.champagne-didier-charpentier.fr\\\/wp-content\\\/uploads\\\/2020\\\/07\\\/0002-scaled.jpg\",\"contentUrl\":\"https:\\\/\\\/www.champagne-didier-charpentier.fr\\\/wp-content\\\/uploads\\\/2020\\\/07\\\/0002-scaled.jpg\",\"width\":855,\"height\":2560},{\"@type\":\"BreadcrumbList\",\"@id\":\"https:\\\/\\\/www.champagne-didier-charpentier.fr\\\/?product=champagne-blanc-de-blancs#breadcrumb\",\"itemListElement\":[{\"@type\":\"ListItem\",\"position\":1,\"name\":\"Accueil\",\"item\":\"https:\\\/\\\/www.champagne-didier-charpentier.fr\\\/\"},{\"@type\":\"ListItem\",\"position\":2,\"name\":\"Boutique\",\"item\":\"https:\\\/\\\/www.champagne-didier-charpentier.fr\\\/?page_id=341\"},{\"@type\":\"ListItem\",\"position\":3,\"name\":\"Champagne Blanc de Blancs\"}]},{\"@type\":\"WebSite\",\"@id\":\"https:\\\/\\\/www.champagne-didier-charpentier.fr\\\/#website\",\"url\":\"https:\\\/\\\/www.champagne-didier-charpentier.fr\\\/\",\"name\":\"Champagne Didier Charpentier\",\"description\":\"\",\"publisher\":{\"@id\":\"https:\\\/\\\/www.champagne-didier-charpentier.fr\\\/#organization\"},\"potentialAction\":[{\"@type\":\"SearchAction\",\"target\":{\"@type\":\"EntryPoint\",\"urlTemplate\":\"https:\\\/\\\/www.champagne-didier-charpentier.fr\\\/?s={search_term_string}\"},\"query-input\":{\"@type\":\"PropertyValueSpecification\",\"valueRequired\":true,\"valueName\":\"search_term_string\"}}],\"inLanguage\":\"fr-FR\"},{\"@type\":\"Organization\",\"@id\":\"https:\\\/\\\/www.champagne-didier-charpentier.fr\\\/#organization\",\"name\":\"Champagne Didier Charpentier\",\"url\":\"https:\\\/\\\/www.champagne-didier-charpentier.fr\\\/\",\"logo\":{\"@type\":\"ImageObject\",\"inLanguage\":\"fr-FR\",\"@id\":\"https:\\\/\\\/www.champagne-didier-charpentier.fr\\\/#\\\/schema\\\/logo\\\/image\\\/\",\"url\":\"https:\\\/\\\/www.champagne-didier-charpentier.fr\\\/wp-content\\\/uploads\\\/2020\\\/06\\\/logo_DC.png\",\"contentUrl\":\"https:\\\/\\\/www.champagne-didier-charpentier.fr\\\/wp-content\\\/uploads\\\/2020\\\/06\\\/logo_DC.png\",\"width\":68,\"height\":69,\"caption\":\"Champagne Didier Charpentier\"},\"image\":{\"@id\":\"https:\\\/\\\/www.champagne-didier-charpentier.fr\\\/#\\\/schema\\\/logo\\\/image\\\/\"}}]}<\/script>\n<!-- \/ Yoast SEO plugin. -->","yoast_head_json":{"title":"Champagne Blanc de Blancs - Champagne Didier Charpentier","robots":{"index":"index","follow":"follow","max-snippet":"max-snippet:-1","max-image-preview":"max-image-preview:large","max-video-preview":"max-video-preview:-1"},"canonical":"https:\/\/www.champagne-didier-charpentier.fr\/?product=champagne-blanc-de-blancs","og_locale":"fr_FR","og_type":"article","og_title":"Champagne Blanc de Blancs - Champagne Didier Charpentier","og_description":"Incontournable, fra\u00eecheur et \u00e9l\u00e9gance supr\u00eame du Chardonnay o\u00f9 s'\u00e9panouissent des ar\u00f4mes de fruits blancs et notes de fleurs. \u00c0 d\u00e9couvrir d'urgence.","og_url":"https:\/\/www.champagne-didier-charpentier.fr\/?product=champagne-blanc-de-blancs","og_site_name":"Champagne Didier Charpentier","article_modified_time":"2024-06-26T21:26:28+00:00","og_image":[{"width":855,"height":2560,"url":"https:\/\/www.champagne-didier-charpentier.fr\/wp-content\/uploads\/2020\/07\/0002-scaled.jpg","type":"image\/jpeg"}],"twitter_card":"summary_large_image","twitter_misc":{"Dur\u00e9e de lecture estim\u00e9e":"1 minute"},"schema":{"@context":"https:\/\/schema.org","@graph":[{"@type":"WebPage","@id":"https:\/\/www.champagne-didier-charpentier.fr\/?product=champagne-blanc-de-blancs","url":"https:\/\/www.champagne-didier-charpentier.fr\/?product=champagne-blanc-de-blancs","name":"Champagne Blanc de Blancs - Champagne Didier Charpentier","isPartOf":{"@id":"https:\/\/www.champagne-didier-charpentier.fr\/#website"},"primaryImageOfPage":{"@id":"https:\/\/www.champagne-didier-charpentier.fr\/?product=champagne-blanc-de-blancs#primaryimage"},"image":{"@id":"https:\/\/www.champagne-didier-charpentier.fr\/?product=champagne-blanc-de-blancs#primaryimage"},"thumbnailUrl":"https:\/\/www.champagne-didier-charpentier.fr\/wp-content\/uploads\/2020\/07\/0002-scaled.jpg","datePublished":"2020-07-14T18:48:58+00:00","dateModified":"2024-06-26T21:26:28+00:00","breadcrumb":{"@id":"https:\/\/www.champagne-didier-charpentier.fr\/?product=champagne-blanc-de-blancs#breadcrumb"},"inLanguage":"fr-FR","potentialAction":[{"@type":"ReadAction","target":["https:\/\/www.champagne-didier-charpentier.fr\/?product=champagne-blanc-de-blancs"]}]},{"@type":"ImageObject","inLanguage":"fr-FR","@id":"https:\/\/www.champagne-didier-charpentier.fr\/?product=champagne-blanc-de-blancs#primaryimage","url":"https:\/\/www.champagne-didier-charpentier.fr\/wp-content\/uploads\/2020\/07\/0002-scaled.jpg","contentUrl":"https:\/\/www.champagne-didier-charpentier.fr\/wp-content\/uploads\/2020\/07\/0002-scaled.jpg","width":855,"height":2560},{"@type":"BreadcrumbList","@id":"https:\/\/www.champagne-didier-charpentier.fr\/?product=champagne-blanc-de-blancs#breadcrumb","itemListElement":[{"@type":"ListItem","position":1,"name":"Accueil","item":"https:\/\/www.champagne-didier-charpentier.fr\/"},{"@type":"ListItem","position":2,"name":"Boutique","item":"https:\/\/www.champagne-didier-charpentier.fr\/?page_id=341"},{"@type":"ListItem","position":3,"name":"Champagne Blanc de Blancs"}]},{"@type":"WebSite","@id":"https:\/\/www.champagne-didier-charpentier.fr\/#website","url":"https:\/\/www.champagne-didier-charpentier.fr\/","name":"Champagne Didier Charpentier","description":"","publisher":{"@id":"https:\/\/www.champagne-didier-charpentier.fr\/#organization"},"potentialAction":[{"@type":"SearchAction","target":{"@type":"EntryPoint","urlTemplate":"https:\/\/www.champagne-didier-charpentier.fr\/?s={search_term_string}"},"query-input":{"@type":"PropertyValueSpecification","valueRequired":true,"valueName":"search_term_string"}}],"inLanguage":"fr-FR"},{"@type":"Organization","@id":"https:\/\/www.champagne-didier-charpentier.fr\/#organization","name":"Champagne Didier Charpentier","url":"https:\/\/www.champagne-didier-charpentier.fr\/","logo":{"@type":"ImageObject","inLanguage":"fr-FR","@id":"https:\/\/www.champagne-didier-charpentier.fr\/#\/schema\/logo\/image\/","url":"https:\/\/www.champagne-didier-charpentier.fr\/wp-content\/uploads\/2020\/06\/logo_DC.png","contentUrl":"https:\/\/www.champagne-didier-charpentier.fr\/wp-content\/uploads\/2020\/06\/logo_DC.png","width":68,"height":69,"caption":"Champagne Didier Charpentier"},"image":{"@id":"https:\/\/www.champagne-didier-charpentier.fr\/#\/schema\/logo\/image\/"}}]}},"jetpack_sharing_enabled":true,"_links":{"self":[{"href":"https:\/\/www.champagne-didier-charpentier.fr\/index.php?rest_route=\/wp\/v2\/product\/1916","targetHints":{"allow":["GET"]}}],"collection":[{"href":"https:\/\/www.champagne-didier-charpentier.fr\/index.php?rest_route=\/wp\/v2\/product"}],"about":[{"href":"https:\/\/www.champagne-didier-charpentier.fr\/index.php?rest_route=\/wp\/v2\/types\/product"}],"replies":[{"embeddable":true,"href":"https:\/\/www.champagne-didier-charpentier.fr\/index.php?rest_route=%2Fwp%2Fv2%2Fcomments&post=1916"}],"wp:featuredmedia":[{"embeddable":true,"href":"https:\/\/www.champagne-didier-charpentier.fr\/index.php?rest_route=\/wp\/v2\/media\/2319"}],"wp:attachment":[{"href":"https:\/\/www.champagne-didier-charpentier.fr\/index.php?rest_route=%2Fwp%2Fv2%2Fmedia&parent=1916"}],"wp:term":[{"taxonomy":"product_brand","embeddable":true,"href":"https:\/\/www.champagne-didier-charpentier.fr\/index.php?rest_route=%2Fwp%2Fv2%2Fproduct_brand&post=1916"},{"taxonomy":"product_cat","embeddable":true,"href":"https:\/\/www.champagne-didier-charpentier.fr\/index.php?rest_route=%2Fwp%2Fv2%2Fproduct_cat&post=1916"},{"taxonomy":"product_tag","embeddable":true,"href":"https:\/\/www.champagne-didier-charpentier.fr\/index.php?rest_route=%2Fwp%2Fv2%2Fproduct_tag&post=1916"}],"curies":[{"name":"wp","href":"https:\/\/api.w.org\/{rel}","templated":true}]}}